{"id":1584,"date":"2020-05-05T08:40:59","date_gmt":"2020-05-05T06:40:59","guid":{"rendered":"https:\/\/www.macsmto.fr\/home\/"},"modified":"2026-03-14T17:43:11","modified_gmt":"2026-03-14T16:43:11","slug":"home","status":"publish","type":"page","link":"https:\/\/www.macsmto.fr\/en\/","title":{"rendered":"Homepage"},"content":{"rendered":"<div class=\"homepage-hero__wrapper\" >\n  <div class=\"homepage-hero container container--full\" style=\"--overlay: 20;\">\n    <div class=\"homepage-hero__inside container container--large container--vspace text-shadow\">\n      <div class=\"homepage-hero__title h1 notag\"\n        data-scroll-trigger\n        data-animation=\"homepageHeroTitle\"\n        data-delay=\".5\">\n        <h1>An immersive journey between Sufi culture and contemporary creation<\/h1>\n      <\/div>\n    <\/div>\n    <div class=\"homepage-hero__elements splide\"\n      data-controller=\"module_homepage_hero\"\n      role=\"group\">\n      <div class=\"splide__track\">\n        <ul class=\"splide__list\">\n                      <li class=\"splide__slide\">\n              <img decoding=\"async\" class=\"homepage-hero__gallery-item img-full img-cover\"\n                src=\"https:\/\/www.macsmto.fr\/wp-content\/uploads\/2024\/06\/art-contemporain-monir-farmanfarmaian-2006-macs-mto-1-1680x1120.jpg\"\n                loading=\"lazy\"\n                alt=\"ne spectatrice observe une \u0153uvre g\u00e9om\u00e9trique de Monir Shahroudy Farmanfarmaian, fusionnant motifs islamiques et modernisme occidental, expos\u00e9e au MACS MTO.\" \/>\n            <\/li>\n                  <\/ul>\n      <\/div>\n    <\/div>\n  <\/div>\n<\/div>\n\n\n<div class=\"homepage-intro__wrapper container container--full\">\n  <span class=\"shape shape--sep-4 homepage-intro__shape-top\"><span class=\"shape__inside\"><svg fill=\"currentColor\" preserveAspectRatio=\"none\" height=\"67\" viewBox=\"0 0 1680 67\" width=\"1680\" xmlns=\"http:\/\/www.w3.org\/2000\/svg\"><g fill=\"currentColor\"><path d=\"m0 0h1680z\"\/><path d=\"m1497.7 32.2h-1315.4c-78.3 0-137.7 14.5-182.3 34.1v.7h1680v-67c-44.6 18.2-104 32.2-182.3 32.2z\"\/><\/g><\/svg><\/span><\/span>\n  <div class=\"homepage-intro__container\">\n    <div class=\"container container--vspace container--md-boxed homepage-intro\"\n      >\n      <div class=\"homepage-intro__grid\">\n        <div class=\"homepage-intro__texte1 h2 notag\" data-srub='{ \"start\" : \"top bottom\", \"end\" : \"bottom 45%\", \"from\":{ \"xPercent\" : -50, \"autoAlpha\" : 0},\"to\":{\"xPercent\" : 0, \"autoAlpha\" : 1}}'>\n          <h2><p>Welcome to the Mus\u00e9e d\u2019Art et de Culture Soufis MTO\u00ae<\/p>\n<\/h2>\n        <\/div>\n        <div class=\"homepage-intro__texte2\"  data-srub='{ \"start\" : \"top bottom\", \"end\" : \"bottom 45%\", \"from\":{ \"xPercent\" : 50, \"autoAlpha\" : 0},\"to\":{\"xPercent\" : 0, \"autoAlpha\" : 1}}'>\n          <p><span style=\"font-weight: 400;\">The Mus\u00e9e d\u2019Art et de Culture Soufis MTO\u00ae is the first museum in the world entirely dedicated to Sufism. Housed in a 19th-century mansion in Chatou, on the outskirts of Paris, it features a unique collection of objects related to Sufism and contemporary artworks that explore Sufi teachings, history, and culture<\/span><span style=\"font-weight: 400;\">.<\/span><\/p>\n\n        <\/div>\n      <\/div>\n      <div class=\"homepage-intro__image\">\n        <img decoding=\"async\" class=\"img-contain img-full\"\n          src=\"https:\/\/www.macsmto.fr\/wp-content\/uploads\/2024\/04\/intro-1.svg\"\n          loading=\"lazy\"\n          width=\"490\"\n          height=\"400\"\n          alt=\"\" \/>\n      <\/div>\n    <\/div>\n  <\/div>\n  <span class=\"shape shape--sep-1 homepage-intro__shape-bottom\"><span class=\"shape__inside\"><svg fill=\"currentColor\" preserveAspectRatio=\"none\" height=\"67\" viewBox=\"0 0 1680 67\" width=\"1680\" xmlns=\"http:\/\/www.w3.org\/2000\/svg\"><path d=\"m182.339 32.1833h1315.321c78.31 0 137.76-13.9399 182.34-32.18337344l-1680 .00008918.0000029 66.28138426c44.5788971-19.5874 104.0299971-34.0981 182.3389971-34.0981z\" fill=\"currentColor\"\/><\/svg><\/span><\/span>\n<\/div>\n\n\n  <div class=\"container container--vspace container--md-boxed homepage-exhibition\"\n    >\n    <a class=\"exhibition-card btn-wrapper theme-blue exhibition-card--homepage\"\n  target=\"_self\"\n  href=\"https:\/\/www.macsmto.fr\/en\/expositions\/when-the-mirror-remembers-the-trace-2\/\">\n  <span class=\"exhibition-card__inside\">\n    <span class=\"exhibition-card__content\">\n      <span class=\"exhibition-card__metas\">\n        <span class=\"exhibition-card__dates\">\n          \n        <\/span>\n        <strong class=\"exhibition-card__title h2\">\n          When the Mirror Remembers the Trace\n        <\/strong>\n                  <span class=\"exhibition-card__resume\">\n            &#8220;When the Mirror Remembers the Trace &#8220;, The exhibition pairs the museum\u2019s collection with participatory installations and scenographic interventions&#8230;\n          <\/span>\n              <\/span>\n      <span class=\"btn exhibition-card__btn btn--primary\">\n        <span class=\"icon \"><svg viewBox=\"0 0 30 30\" aria-hidden=\"true\" focusable=\"false\" tabindex=\"-1\" class=\"icon-svg\"><use xlink:href=\"#icon-arrow-right\"><\/use><\/svg><\/span> About the exhibition\n      <\/span>\n    <\/span>\n\n          <span class=\"exhibition-card__image\"   data-srub='{ \"from\":{ \"yPercent\" : 15},\"to\":{\"yPercent\" : -1}}' >\n        <span class=\"shape shape--exhib-side exhibition-card__shape\"><span class=\"shape__inside\"><svg fill=\"currentColor\" preserveAspectRatio=\"none\" height=\"594\" viewBox=\"0 0 206 594.1\" xmlns=\"http:\/\/www.w3.org\/2000\/svg\"><path d=\"m0 594.1h206s-107.5-48.9-107.5-237.6v-119.8c0-174.5-85.7-229.5-98.5-236.7z\" fill=\"currentColor\"\/><\/svg><\/span><\/span>\n        <img decoding=\"async\" class=\"img-full img-cover anim-transform\"\n          src=\"https:\/\/www.macsmto.fr\/wp-content\/uploads\/2025\/12\/ss6-1024x1024.jpg\"\n          loading=\"lazy\"\n          alt=\"\" \/>\n      <\/span>\n      <\/span>\n  <\/a>\n  <\/div>\n\n\n<div class=\"homepage-activities__wrapper container container--full\">\n  <span class=\"shape shape--activity-home homepage-activities__shape\"><span class=\"shape__inside\"><svg fill=\"currentColor\" preserveAspectRatio=\"none\" height=\"572\" viewBox=\"0 0 1681 572.2\" xmlns=\"http:\/\/www.w3.org\/2000\/svg\"><g fill=\"currentColor\"><path d=\"m1680.5 570.3v-569.8h-840s559.2 57.9 840 569.8z\"\/><path d=\"m840.5.5h-840v569.8c280.8-511.9 840-569.8 840-569.8z\"\/><\/g><\/svg><\/span><\/span>\n  <div class=\"container container--vspace container--md-boxed homepage-activities\"\n    >\n      <div class=\"title-text homepage-activities__title-text\" data-scroll-trigger  data-animation=\"staggerBottomUp\" data-delay=\".0\" >\n          <div class=\"title-text__title h2 notag\">\n        <h2>What\u2019s new<\/h2>\n      <\/div>\n              <div class=\"title-text__text wysiwyg\">\n        <p><span style=\"font-weight: 400;\">Discover the workshops, conferences, and events currently taking place at MACS MTO\u00ae. <\/span><span style=\"font-weight: 400;\">MACS MTO\u2019s cultural and educational programs foster exchange, discovery, and creativity.<\/span><\/p>\n\n      <\/div>\n      <\/div>\n\n    <ul class=\"reset-list homepage-activities__items\"\n      data-scroll-trigger\n      data-animation=\"staggerBottomUp\"\n      data-delay=\".2\">\n              <li>\n          <span class=\"activity-card\">\n  <a class=\"activity-card__inside btn-wrapper\"\n    target=\"_self\"\n    href=\"https:\/\/www.macsmto.fr\/en\/activites\/body-architecture-tamarkoz-session-adults\/\">\n    <span class=\"activity-card__image\">\n              <img decoding=\"async\" class=\"img-full img-cover anim-transform\"\n          src=\"https:\/\/www.macsmto.fr\/wp-content\/uploads\/2026\/01\/mto_0800-600x400.jpg\"\n          loading=\"lazy\"\n          alt=\"\" \/>\n      \n          <\/span>\n    <span class=\"activity-card__content\">\n      <strong class=\"activity-card__title\">&#8220;Body Architecture&#8221;, Tamarkoz Session<\/strong>\n            <span class=\"activity-card__link\">About the exhibition<\/span>\n    <\/span>\n  <\/a>\n      <span class=\"smeetz-btn btn activity-card__btn btn btn--primary btn--rounded\">\n      <span class=\"icon \"><svg viewBox=\"0 0 30 30\" aria-hidden=\"true\" focusable=\"false\" tabindex=\"-1\" class=\"icon-svg\"><use xlink:href=\"#icon-ticket\"><\/use><\/svg><\/span>\n    <span class=\"smeetz-btn__code btn-notag\">\n          <!-- Start Smeetz Embed Code -->\r\n    \r\n    <a data-smtz-gid=\"19591\" data-smtz-wid=\"4772\"\r\n        \r\n      class=\"\" target=\"_blank\" rel=\"noopener noreferrer\"\r\n      onclick=\"event.preventDefault(); _smtz('openwidget', 1 * new Date(), {\r\n        productId: '66050',\r\n        lightbox: true,\r\n        listView: false,\r\n        gId: '19591',\r\n        wId: '4772',\r\n        codes: 'V2XMPF75',cats: '144671',\r\n        \r\n        \r\n        \r\n        \r\n        \r\n        \r\n        \r\n        linkText: 'en: ,,, fr: ,,, de: ,,, it: ',\r\n        linkUrl: 'en: ,,, fr: ,,, de: ,,, it: ',\r\n      });\"\r\n     style=\"color: #ffffff;background: #00008C;border: 1px solid #00008C;padding: 12px 20px;border-radius: 21px;font-family: Helvetica, sans-serif;height: 44px;line-height: 44px;cursor: pointer;\"       >Booking<\/a>     <!-- End Smeetz Embed Code --> \n      <\/span>\n<\/span>\n  <\/span>\n        <\/li>\n              <li>\n          <span class=\"activity-card\">\n  <a class=\"activity-card__inside btn-wrapper\"\n    target=\"_self\"\n    href=\"https:\/\/www.macsmto.fr\/en\/activites\/ayeneh_kari_workshop\/\">\n    <span class=\"activity-card__image\">\n              <img decoding=\"async\" class=\"img-full img-cover anim-transform\"\n          src=\"https:\/\/www.macsmto.fr\/wp-content\/uploads\/2026\/01\/dsc_7929-600x401.jpg\"\n          loading=\"lazy\"\n          alt=\"\" \/>\n      \n          <\/span>\n    <span class=\"activity-card__content\">\n      <strong class=\"activity-card__title\">Completing the Mirror: A Participatory \u0100yeneh-K\u0101r\u012b (Mirror Work) Workshop<\/strong>\n            <span class=\"activity-card__link\">About the exhibition<\/span>\n    <\/span>\n  <\/a>\n      <span class=\"smeetz-btn btn activity-card__btn btn btn--primary btn--rounded\">\n      <span class=\"icon \"><svg viewBox=\"0 0 30 30\" aria-hidden=\"true\" focusable=\"false\" tabindex=\"-1\" class=\"icon-svg\"><use xlink:href=\"#icon-ticket\"><\/use><\/svg><\/span>\n    <span class=\"smeetz-btn__code btn-notag\">\n          <!-- Start Smeetz Embed Code -->\r\n    \r\n    <a data-smtz-gid=\"19591\" data-smtz-wid=\"4862\"\r\n        \r\n      class=\"\" target=\"_blank\" rel=\"noopener noreferrer\"\r\n      onclick=\"event.preventDefault(); _smtz('openwidget', 1 * new Date(), {\r\n        productId: '66050',\r\n        lightbox: true,\r\n        listView: false,\r\n        gId: '19591',\r\n        wId: '4862',\r\n        codes: 'XYE9S87M',cats: '145455',\r\n        \r\n        \r\n        \r\n        \r\n        \r\n        \r\n        \r\n        linkText: 'en: ,,, fr: ,,, de: ,,, it: ',\r\n        linkUrl: 'en: ,,, fr: ,,, de: ,,, it: ',\r\n      });\"\r\n     style=\"color: #ffffff;background: #00008C;border: 1px solid #00008C;padding: 12px 20px;border-radius: 21px;font-family: Helvetica, sans-serif;height: 44px;line-height: 44px;cursor: pointer;\"       >Booking<\/a>     <!-- End Smeetz Embed Code --> \n      <\/span>\n<\/span>\n  <\/span>\n        <\/li>\n          <\/ul>\n\n          <a class=\"btn homepage-activities__btn\"\n        target=\"\"\n        href=\"https:\/\/www.macsmto.fr\/en\/programming\/\">\n        <span class=\"icon \"><svg viewBox=\"0 0 30 30\" aria-hidden=\"true\" focusable=\"false\" tabindex=\"-1\" class=\"icon-svg\"><use xlink:href=\"#icon-arrow-right\"><\/use><\/svg><\/span> Programming\n      <\/a>\n      <\/div>\n<\/div>\n\n\n<div class=\"homepage-collection__wrapper container container--full\">\n  <div class=\"homepage-collection\">\n    <div class=\"container container--vspace container--md-boxed\" data-srub='{ \"from\":{ \"yPercent\" : 10},\"to\":{\"yPercent\" : -10}}'>\n      <a target=\"\"\n        href=\"https:\/\/www.macsmto.fr\/en\/collection\/\"\n        class=\"btn-wrapper homepage-collection__card\" \n        >\n        <span class=\"homepage-collection__grid\">\n          <span class=\"homepage-collection__titre text-shadow h2 notag\">\n            <span>Explore the museum\u2019s collection<\/span>\n          <\/span>\n          <span class=\"homepage-collection__texte text-shadow\">\n            <p><span style=\"font-weight: 400;\">Learn about MACS MTO\u2019s unique treasures from symbolic objects to contemporary artworks. We hope that visitors will be inspired by our rich and diverse collection, embarking on a journey through Sufi art and culture.<\/span><\/p>\n\n          <\/span>\n          <span class=\"btn btn--rounded btn--flat anim-transform\">\n            <span class=\"icon \"><svg viewBox=\"0 0 30 30\" aria-hidden=\"true\" focusable=\"false\" tabindex=\"-1\" class=\"icon-svg\"><use xlink:href=\"#icon-arrow-right\"><\/use><\/svg><\/span>\n          <\/span>\n        <\/span>\n        <span class=\"homepage-collection__image\">\n          <img decoding=\"async\" class=\"img-cover img-full anim-transform\"\n            src=\"https:\/\/www.macsmto.fr\/wp-content\/uploads\/2024\/04\/f70c5b141d8be425d4e46994f97441ac-1680x1120.jpg\"\n            loading=\"lazy\"\n            width=\"490\"\n            height=\"400\"\n            alt=\"\" \/>\n        <\/span>\n      <\/a>\n    <\/div>\n  <\/div>\n  <span class=\"shape shape--sep-1 homepage-collection__shape-bottom\"><span class=\"shape__inside\"><svg fill=\"currentColor\" preserveAspectRatio=\"none\" height=\"67\" viewBox=\"0 0 1680 67\" width=\"1680\" xmlns=\"http:\/\/www.w3.org\/2000\/svg\"><path d=\"m182.339 32.1833h1315.321c78.31 0 137.76-13.9399 182.34-32.18337344l-1680 .00008918.0000029 66.28138426c44.5788971-19.5874 104.0299971-34.0981 182.3389971-34.0981z\" fill=\"currentColor\"\/><\/svg><\/span><\/span>\n<\/div>\n\n\n<div class=\"container container--vspace container--md-boxed push\"\n  >\n  \n  <ul class=\"reset-list push__grid\">\n          <li class=\"push__grid-title\">\n          <div class=\"title-text push__title-text\" >\n          <div class=\"title-text__title h2 notag\">\n        <h2>Before your visit<\/h2>\n      <\/div>\n              <div class=\"title-text__text wysiwyg\">\n        The Mus\u00e9e d\u2019Art et de Culture Soufis MTO\u00ae is pleased to welcome you Wednesday to Friday from 11am to 6pm and Saturday and Sunday from 10am to 6pm.\n      <\/div>\n      <\/div>\n      <\/li>\n    \n              \n          <li>\n                  <a class=\"card-push btn-wrapper  text-shadow  \" target=\"_self\" href=\"https:\/\/www.macsmto.fr\/en\/about\/\">\n  <span class=\"card-push__content\">\n        <strong class=\"card-push__title\">Plan your visit<\/strong>\n    <span class=\"btn  btn--rounded  btn--primary-hover-white \">\n      <span class=\"icon \"><svg viewBox=\"0 0 30 30\" aria-hidden=\"true\" focusable=\"false\" tabindex=\"-1\" class=\"icon-svg\"><use xlink:href=\"#icon-arrow-right\"><\/use><\/svg><\/span>\n    <\/span>\n  <\/span>\n      <img decoding=\"async\" class=\"img-full img-cover anim-transform\"\n    src=\"https:\/\/www.macsmto.fr\/wp-content\/uploads\/2024\/04\/2dba41e90e0e02d7037ec10e9b3b2321-600x400.jpg\"\n    loading=\"lazy\"\n    alt=\"\" \/>\n  <\/a>\n              <\/li>\n          <li>\n                  <a class=\"card-push btn-wrapper   with-icon \" target=\"_self\" href=\"https:\/\/www.macsmto.fr\/en\/billetterie\/\">\n  <span class=\"card-push__content\">\n          <img decoding=\"async\" class=\"card-push__icon anim-transform\"\n      src=\"https:\/\/www.macsmto.fr\/wp-content\/uploads\/2024\/04\/ticket.svg\"\n      loading=\"lazy\"\n      alt=\"\" width=\"64\" height=\"64\" \/>\n        <strong class=\"card-push__title\">Book a ticket<\/strong>\n    <span class=\"btn  btn--rounded \">\n      <span class=\"icon \"><svg viewBox=\"0 0 30 30\" aria-hidden=\"true\" focusable=\"false\" tabindex=\"-1\" class=\"icon-svg\"><use xlink:href=\"#icon-arrow-right\"><\/use><\/svg><\/span>\n    <\/span>\n  <\/span>\n  <\/a>\n              <\/li>\n      <\/ul>\n<\/div>\n","protected":false},"excerpt":{"rendered":"","protected":false},"author":3,"featured_media":1929,"parent":0,"menu_order":10,"comment_status":"closed","ping_status":"closed","template":"tpl-homepage.php","meta":{"_acf_changed":false,"footnotes":""},"class_list":["post-1584","page","type-page","status-publish","has-post-thumbnail","hentry"],"acf":[],"yoast_head":"<!-- This site is optimized with the Yoast SEO plugin v27.3 - https:\/\/yoast.com\/product\/yoast-seo-wordpress\/ -->\n<title>Homepage - MACS MTO\u00ae<\/title>\n<meta name=\"robots\" content=\"index, follow, max-snippet:-1, max-image-preview:large, max-video-preview:-1\" \/>\n<link rel=\"canonical\" href=\"https:\/\/www.macsmto.fr\/en\/\" \/>\n<meta property=\"og:locale\" content=\"en_US\" \/>\n<meta property=\"og:type\" content=\"article\" \/>\n<meta property=\"og:title\" content=\"Homepage - MACS MTO\u00ae\" \/>\n<meta property=\"og:url\" content=\"https:\/\/www.macsmto.fr\/en\/\" \/>\n<meta property=\"og:site_name\" content=\"Mus\u00e9e d&#039;art et de culture Soufis MTO\" \/>\n<meta property=\"article:publisher\" content=\"https:\/\/www.facebook.com\/macsmto\/\" \/>\n<meta property=\"article:modified_time\" content=\"2026-03-14T16:43:11+00:00\" \/>\n<meta property=\"og:image\" content=\"https:\/\/www.macsmto.fr\/wp-content\/uploads\/2024\/06\/art-contemporain-monir-farmanfarmaian-2006-macs-mto-1-scaled.jpg\" \/>\n\t<meta property=\"og:image:width\" content=\"2560\" \/>\n\t<meta property=\"og:image:height\" content=\"1707\" \/>\n\t<meta property=\"og:image:type\" content=\"image\/jpeg\" \/>\n<meta name=\"twitter:card\" content=\"summary_large_image\" \/>\n<meta name=\"twitter:label1\" content=\"Est. reading time\" \/>\n\t<meta name=\"twitter:data1\" content=\"3 minutes\" \/>\n<script type=\"application\/ld+json\" class=\"yoast-schema-graph\">{\"@context\":\"https:\\\/\\\/schema.org\",\"@graph\":[{\"@type\":\"WebPage\",\"@id\":\"https:\\\/\\\/www.macsmto.fr\\\/en\\\/\",\"url\":\"https:\\\/\\\/www.macsmto.fr\\\/en\\\/\",\"name\":\"Homepage - MACS MTO\u00ae\",\"isPartOf\":{\"@id\":\"https:\\\/\\\/www.macsmto.fr\\\/en\\\/#website\"},\"primaryImageOfPage\":{\"@id\":\"https:\\\/\\\/www.macsmto.fr\\\/en\\\/#primaryimage\"},\"image\":{\"@id\":\"https:\\\/\\\/www.macsmto.fr\\\/en\\\/#primaryimage\"},\"thumbnailUrl\":\"https:\\\/\\\/www.macsmto.fr\\\/wp-content\\\/uploads\\\/2024\\\/06\\\/art-contemporain-monir-farmanfarmaian-2006-macs-mto-1-scaled.jpg\",\"datePublished\":\"2020-05-05T06:40:59+00:00\",\"dateModified\":\"2026-03-14T16:43:11+00:00\",\"breadcrumb\":{\"@id\":\"https:\\\/\\\/www.macsmto.fr\\\/en\\\/#breadcrumb\"},\"inLanguage\":\"en-US\",\"potentialAction\":[{\"@type\":\"ReadAction\",\"target\":[\"https:\\\/\\\/www.macsmto.fr\\\/en\\\/\"]}]},{\"@type\":\"ImageObject\",\"inLanguage\":\"en-US\",\"@id\":\"https:\\\/\\\/www.macsmto.fr\\\/en\\\/#primaryimage\",\"url\":\"https:\\\/\\\/www.macsmto.fr\\\/wp-content\\\/uploads\\\/2024\\\/06\\\/art-contemporain-monir-farmanfarmaian-2006-macs-mto-1-scaled.jpg\",\"contentUrl\":\"https:\\\/\\\/www.macsmto.fr\\\/wp-content\\\/uploads\\\/2024\\\/06\\\/art-contemporain-monir-farmanfarmaian-2006-macs-mto-1-scaled.jpg\",\"width\":2560,\"height\":1707,\"caption\":\"ne spectatrice observe une \u0153uvre g\u00e9om\u00e9trique de Monir Shahroudy Farmanfarmaian, fusionnant motifs islamiques et modernisme occidental, expos\u00e9e au MACS MTO.\"},{\"@type\":\"BreadcrumbList\",\"@id\":\"https:\\\/\\\/www.macsmto.fr\\\/en\\\/#breadcrumb\",\"itemListElement\":[{\"@type\":\"ListItem\",\"position\":1,\"name\":\"Home\",\"item\":\"https:\\\/\\\/www.macsmto.fr\\\/en\\\/\"},{\"@type\":\"ListItem\",\"position\":2,\"name\":\"Homepage\"}]},{\"@type\":\"WebSite\",\"@id\":\"https:\\\/\\\/www.macsmto.fr\\\/en\\\/#website\",\"url\":\"https:\\\/\\\/www.macsmto.fr\\\/en\\\/\",\"name\":\"Mus\u00e9e d\u2019Art et de Culture Soufis MTO\u00ae\",\"description\":\"MACS MTO\",\"publisher\":{\"@id\":\"https:\\\/\\\/www.macsmto.fr\\\/en\\\/#organization\"},\"alternateName\":\"MACS MTO\u00ae\",\"potentialAction\":[{\"@type\":\"SearchAction\",\"target\":{\"@type\":\"EntryPoint\",\"urlTemplate\":\"https:\\\/\\\/www.macsmto.fr\\\/en\\\/?s={search_term_string}\"},\"query-input\":{\"@type\":\"PropertyValueSpecification\",\"valueRequired\":true,\"valueName\":\"search_term_string\"}}],\"inLanguage\":\"en-US\"},{\"@type\":\"Organization\",\"@id\":\"https:\\\/\\\/www.macsmto.fr\\\/en\\\/#organization\",\"name\":\"Mus\u00e9e d\u2019Art et de Culture Soufis MTO\u00ae\",\"alternateName\":\"MACS MTO\u00ae\",\"url\":\"https:\\\/\\\/www.macsmto.fr\\\/en\\\/\",\"logo\":{\"@type\":\"ImageObject\",\"inLanguage\":\"en-US\",\"@id\":\"https:\\\/\\\/www.macsmto.fr\\\/en\\\/#\\\/schema\\\/logo\\\/image\\\/\",\"url\":\"https:\\\/\\\/www.macsmto.fr\\\/wp-content\\\/uploads\\\/2024\\\/05\\\/macs-mto_logo-scaled.jpg\",\"contentUrl\":\"https:\\\/\\\/www.macsmto.fr\\\/wp-content\\\/uploads\\\/2024\\\/05\\\/macs-mto_logo-scaled.jpg\",\"width\":2560,\"height\":1798,\"caption\":\"Mus\u00e9e d\u2019Art et de Culture Soufis MTO\u00ae\"},\"image\":{\"@id\":\"https:\\\/\\\/www.macsmto.fr\\\/en\\\/#\\\/schema\\\/logo\\\/image\\\/\"},\"sameAs\":[\"https:\\\/\\\/www.facebook.com\\\/macsmto\\\/\",\"https:\\\/\\\/www.instagram.com\\\/macsmto\\\/\",\"https:\\\/\\\/www.linkedin.com\\\/company\\\/macsmto\\\/\"]}]}<\/script>\n<!-- \/ Yoast SEO plugin. -->","yoast_head_json":{"title":"Homepage - MACS MTO\u00ae","robots":{"index":"index","follow":"follow","max-snippet":"max-snippet:-1","max-image-preview":"max-image-preview:large","max-video-preview":"max-video-preview:-1"},"canonical":"https:\/\/www.macsmto.fr\/en\/","og_locale":"en_US","og_type":"article","og_title":"Homepage - MACS MTO\u00ae","og_url":"https:\/\/www.macsmto.fr\/en\/","og_site_name":"Mus\u00e9e d&#039;art et de culture Soufis MTO","article_publisher":"https:\/\/www.facebook.com\/macsmto\/","article_modified_time":"2026-03-14T16:43:11+00:00","og_image":[{"width":2560,"height":1707,"url":"https:\/\/www.macsmto.fr\/wp-content\/uploads\/2024\/06\/art-contemporain-monir-farmanfarmaian-2006-macs-mto-1-scaled.jpg","type":"image\/jpeg"}],"twitter_card":"summary_large_image","twitter_misc":{"Est. reading time":"3 minutes"},"schema":{"@context":"https:\/\/schema.org","@graph":[{"@type":"WebPage","@id":"https:\/\/www.macsmto.fr\/en\/","url":"https:\/\/www.macsmto.fr\/en\/","name":"Homepage - MACS MTO\u00ae","isPartOf":{"@id":"https:\/\/www.macsmto.fr\/en\/#website"},"primaryImageOfPage":{"@id":"https:\/\/www.macsmto.fr\/en\/#primaryimage"},"image":{"@id":"https:\/\/www.macsmto.fr\/en\/#primaryimage"},"thumbnailUrl":"https:\/\/www.macsmto.fr\/wp-content\/uploads\/2024\/06\/art-contemporain-monir-farmanfarmaian-2006-macs-mto-1-scaled.jpg","datePublished":"2020-05-05T06:40:59+00:00","dateModified":"2026-03-14T16:43:11+00:00","breadcrumb":{"@id":"https:\/\/www.macsmto.fr\/en\/#breadcrumb"},"inLanguage":"en-US","potentialAction":[{"@type":"ReadAction","target":["https:\/\/www.macsmto.fr\/en\/"]}]},{"@type":"ImageObject","inLanguage":"en-US","@id":"https:\/\/www.macsmto.fr\/en\/#primaryimage","url":"https:\/\/www.macsmto.fr\/wp-content\/uploads\/2024\/06\/art-contemporain-monir-farmanfarmaian-2006-macs-mto-1-scaled.jpg","contentUrl":"https:\/\/www.macsmto.fr\/wp-content\/uploads\/2024\/06\/art-contemporain-monir-farmanfarmaian-2006-macs-mto-1-scaled.jpg","width":2560,"height":1707,"caption":"ne spectatrice observe une \u0153uvre g\u00e9om\u00e9trique de Monir Shahroudy Farmanfarmaian, fusionnant motifs islamiques et modernisme occidental, expos\u00e9e au MACS MTO."},{"@type":"BreadcrumbList","@id":"https:\/\/www.macsmto.fr\/en\/#breadcrumb","itemListElement":[{"@type":"ListItem","position":1,"name":"Home","item":"https:\/\/www.macsmto.fr\/en\/"},{"@type":"ListItem","position":2,"name":"Homepage"}]},{"@type":"WebSite","@id":"https:\/\/www.macsmto.fr\/en\/#website","url":"https:\/\/www.macsmto.fr\/en\/","name":"Mus\u00e9e d\u2019Art et de Culture Soufis MTO\u00ae","description":"MACS MTO","publisher":{"@id":"https:\/\/www.macsmto.fr\/en\/#organization"},"alternateName":"MACS MTO\u00ae","potentialAction":[{"@type":"SearchAction","target":{"@type":"EntryPoint","urlTemplate":"https:\/\/www.macsmto.fr\/en\/?s={search_term_string}"},"query-input":{"@type":"PropertyValueSpecification","valueRequired":true,"valueName":"search_term_string"}}],"inLanguage":"en-US"},{"@type":"Organization","@id":"https:\/\/www.macsmto.fr\/en\/#organization","name":"Mus\u00e9e d\u2019Art et de Culture Soufis MTO\u00ae","alternateName":"MACS MTO\u00ae","url":"https:\/\/www.macsmto.fr\/en\/","logo":{"@type":"ImageObject","inLanguage":"en-US","@id":"https:\/\/www.macsmto.fr\/en\/#\/schema\/logo\/image\/","url":"https:\/\/www.macsmto.fr\/wp-content\/uploads\/2024\/05\/macs-mto_logo-scaled.jpg","contentUrl":"https:\/\/www.macsmto.fr\/wp-content\/uploads\/2024\/05\/macs-mto_logo-scaled.jpg","width":2560,"height":1798,"caption":"Mus\u00e9e d\u2019Art et de Culture Soufis MTO\u00ae"},"image":{"@id":"https:\/\/www.macsmto.fr\/en\/#\/schema\/logo\/image\/"},"sameAs":["https:\/\/www.facebook.com\/macsmto\/","https:\/\/www.instagram.com\/macsmto\/","https:\/\/www.linkedin.com\/company\/macsmto\/"]}]}},"_links":{"self":[{"href":"https:\/\/www.macsmto.fr\/en\/wp-json\/wp\/v2\/pages\/1584","targetHints":{"allow":["GET"]}}],"collection":[{"href":"https:\/\/www.macsmto.fr\/en\/wp-json\/wp\/v2\/pages"}],"about":[{"href":"https:\/\/www.macsmto.fr\/en\/wp-json\/wp\/v2\/types\/page"}],"author":[{"embeddable":true,"href":"https:\/\/www.macsmto.fr\/en\/wp-json\/wp\/v2\/users\/3"}],"replies":[{"embeddable":true,"href":"https:\/\/www.macsmto.fr\/en\/wp-json\/wp\/v2\/comments?post=1584"}],"version-history":[{"count":59,"href":"https:\/\/www.macsmto.fr\/en\/wp-json\/wp\/v2\/pages\/1584\/revisions"}],"predecessor-version":[{"id":14217,"href":"https:\/\/www.macsmto.fr\/en\/wp-json\/wp\/v2\/pages\/1584\/revisions\/14217"}],"wp:featuredmedia":[{"embeddable":true,"href":"https:\/\/www.macsmto.fr\/en\/wp-json\/wp\/v2\/media\/1929"}],"wp:attachment":[{"href":"https:\/\/www.macsmto.fr\/en\/wp-json\/wp\/v2\/media?parent=1584"}],"curies":[{"name":"wp","href":"https:\/\/api.w.org\/{rel}","templated":true}]}}