{"id":2464,"date":"2024-03-27T21:35:26","date_gmt":"2024-03-27T20:35:26","guid":{"rendered":"https:\/\/www.macsmto.fr\/collection\/"},"modified":"2025-04-12T16:56:18","modified_gmt":"2025-04-12T14:56:18","slug":"collection","status":"publish","type":"page","link":"https:\/\/www.macsmto.fr\/en\/collection\/","title":{"rendered":"Collection"},"content":{"rendered":"<div class=\"intro__wrapper  \" >\n\t<div class=\"intro container container--full\n\t\t\t\t\t\t\t\t\t\t\t\t\t\t\t\t  is-white  is-overlay-black  \t\t\t\t\t\t\t\t\t\t\t\t\t\t       \" style=\"--overlay: 50; --bc-color: white;\">\n\t\t<div class=\"intro__wrapper container container--large container--vspace \">\n\n\t\t\t\t\t\t\t  <div class=\"breadcrumb intro__breadcrumb\">\n    <span><span><a href=\"https:\/\/www.macsmto.fr\/en\/\">Home<\/a><\/span><\/span>\n  <\/div>\n\t\t\t\n\t\t\t\n\t\t\t<div class=\"intro__inside container\">\n\t\t\t\t\t\t\t\t\t<div class=\"intro__titre h1 notag  \">\n\t\t\t\t\t\t<h1>Explore the museum&#8217;s collection<\/h1>\n\t\t\t\t\t<\/div>\n\t\t\t\t\t\t\t\t\t\t\t\t\t\t\t\t\t\t\t\t\t<div class=\"intro__texte wysiwyg  \">\n\t\t\t\t\t\t<p><span style=\"font-weight: 400;\">The collection of the Mus\u00e9e d\u2019Art et de\u00a0Culture Soufis MTO\u00ae is the result of contributions from donors, enthusiastic scholars, and students of the MTO Shahmaghsoudi\u00ae school. The objects were selected for their aesthetic value, but also for their spiritual and historical significance. Among the works on display are rare manuscripts, finely embroidered textiles, traditional musical instruments, calligraphy, and everyday objects that once belonged to Sufi masters.<\/span><\/p>\n\n\t\t\t\t\t<\/div>\n\t\t\t\t\n\t\t\t\t\t\t\t<\/div>\n\t\t<\/div>\n\t\t\t<\/div>\n\t\t\t<span class=\"shape shape--sep-1 intro__shape\"><span class=\"shape__inside\"><svg fill=\"currentColor\" preserveAspectRatio=\"none\" height=\"67\" viewBox=\"0 0 1680 67\" width=\"1680\" xmlns=\"http:\/\/www.w3.org\/2000\/svg\"><path d=\"m182.339 32.1833h1315.321c78.31 0 137.76-13.9399 182.34-32.18337344l-1680 .00008918.0000029 66.28138426c44.5788971-19.5874 104.0299971-34.0981 182.3389971-34.0981z\" fill=\"currentColor\"\/><\/svg><\/span><\/span>\n\t\n\n\t<\/div>\n\n\n<div class=\"container container--vspace thematiques container--md-boxed\"\n  >\n    <div class=\"title-text thematiques__title-text\" >\n          <div class=\"title-text__title h2 notag\">\n        <h2>Various aspects inside the collection<\/h2>\n      <\/div>\n              <div class=\"title-text__text wysiwyg\">\n        <p><span style=\"font-weight: 400;\">The collection of the Mus\u00e9e d\u2019Art et de Culture Soufis MTO\u00ae features iconic objects and artistic creations that capture various aspects of Sufism. <\/span><span style=\"font-weight: 400;\">The collection showcases the diversity and depth of Sufi culture, revealing how it has influenced artistic creation and continues to inspire contemporary art. <\/span><span style=\"font-weight: 400;\">Each visit is an opportunity for discovery and reflection, offering a glimpse into the cultural and spiritual richness of this millennia-old discipline.<\/span><\/p>\n\n      <\/div>\n      <\/div>\n\n  <ul class=\"reset-list thematiques__grid\">\n                <li>\n        <a class=\"card-artwork-theme\"\n  target=\"_self\"\n  href=\"https:\/\/www.macsmto.fr\/en\/themes\/objets-symboliques\/\">\n  <strong class=\"text-shadow card-artwork-theme__title h3\">Symbolic objects<\/strong>\n  <img decoding=\"async\" class=\"img-full img-cover anim-transform\"\n    src=\"https:\/\/www.macsmto.fr\/wp-content\/uploads\/2024\/06\/collection-objets-symboliques-kashkul-macs-mto-4-600x400.jpg\"\n    loading=\"lazy\"\n    alt=\"bols \u00e0 aum\u00f4ne fabriqu\u00e9s \u00e0 partir de mat\u00e9riaux nobles, les kashkuls repr\u00e9sentent la qu\u00eate de renonciation aux attaches terrestres et l'ouverture \u00e0 la sagesse divine\" \/>\n<\/a>\n      <\/li>\n                <li>\n        <a class=\"card-artwork-theme\"\n  target=\"_self\"\n  href=\"https:\/\/www.macsmto.fr\/en\/themes\/objets-du-quotidien\/\">\n  <strong class=\"text-shadow card-artwork-theme__title h3\">Everyday objects<\/strong>\n  <img decoding=\"async\" class=\"img-full img-cover anim-transform\"\n    src=\"https:\/\/www.macsmto.fr\/wp-content\/uploads\/2024\/06\/collection-objets-du-quotidien-macs-mto-600x400.jpg\"\n    loading=\"lazy\"\n    alt=\"Ancien fer \u00e0 repasser d\u00e9coratif avec des motifs floraux, expos\u00e9 au MACS MTO.\" \/>\n<\/a>\n      <\/li>\n                <li>\n        <a class=\"card-artwork-theme\"\n  target=\"_self\"\n  href=\"https:\/\/www.macsmto.fr\/en\/themes\/carpets\/\">\n  <strong class=\"text-shadow card-artwork-theme__title h3\">Carpets<\/strong>\n  <img decoding=\"async\" class=\"img-full img-cover anim-transform\"\n    src=\"https:\/\/www.macsmto.fr\/wp-content\/uploads\/2024\/05\/collection-tapis-macs-mto-1-600x400.jpg\"\n    loading=\"lazy\"\n    alt=\"Ensemble de tapis persans au MACS MTO, incluant des motifs traditionnels et des repr\u00e9sentations figuratives, illustrant la richesse de l'art textile soufi.\" \/>\n<\/a>\n      <\/li>\n                <li>\n        <a class=\"card-artwork-theme\"\n  target=\"_self\"\n  href=\"https:\/\/www.macsmto.fr\/en\/themes\/calligraphie\/\">\n  <strong class=\"text-shadow card-artwork-theme__title h3\">Calligraphy<\/strong>\n  <img decoding=\"async\" class=\"img-full img-cover anim-transform\"\n    src=\"https:\/\/www.macsmto.fr\/wp-content\/uploads\/2024\/05\/collection-calligraphie-macs-mto-600x549.jpg\"\n    loading=\"lazy\"\n    alt=\"Page orn\u00e9e d'un manuscrit ancien en calligraphie, illustrant l'art d\u00e9taill\u00e9 et color\u00e9 de la tradition soufie.\" \/>\n<\/a>\n      <\/li>\n                <li>\n        <a class=\"card-artwork-theme\"\n  target=\"_self\"\n  href=\"https:\/\/www.macsmto.fr\/en\/themes\/art-contemporain\/\">\n  <strong class=\"text-shadow card-artwork-theme__title h3\">Contemporary art<\/strong>\n  <img decoding=\"async\" class=\"img-full img-cover anim-transform\"\n    src=\"https:\/\/www.macsmto.fr\/wp-content\/uploads\/2024\/06\/art-contemporain-calligraphie-monir-farmanfarmaian-james-cohan-macs-mto-2-600x406.jpg\"\n    loading=\"lazy\"\n    alt=\"\u0152uvre de calligraphie abstraite aux couleurs vives et aux formes entrelac\u00e9es, illustrant la richesse des symboles et des motifs inspir\u00e9s par la culture soufie.\" \/>\n<\/a>\n      <\/li>\n                <li>\n        <a class=\"card-artwork-theme\"\n  target=\"_self\"\n  href=\"https:\/\/www.macsmto.fr\/en\/themes\/garden-fountain\/\">\n  <strong class=\"text-shadow card-artwork-theme__title h3\">Garden, Fountain<\/strong>\n  <img decoding=\"async\" class=\"img-full img-cover anim-transform\"\n    src=\"https:\/\/www.macsmto.fr\/wp-content\/uploads\/2024\/05\/garden-flowers-and-plants-detail-images-4l1a5538-laurent-edeline_1-600x400.jpeg\"\n    loading=\"lazy\"\n    alt=\"\" \/>\n<\/a>\n      <\/li>\n      <\/ul>\n<\/div>\n\n\n<div class=\"container separateur container--md-boxed\"\n  >\n  <hr \/>\n<\/div>\n","protected":false},"excerpt":{"rendered":"","protected":false},"author":3,"featured_media":0,"parent":0,"menu_order":20,"comment_status":"closed","ping_status":"closed","template":"","meta":{"_acf_changed":false,"footnotes":""},"class_list":["post-2464","page","type-page","status-publish","hentry"],"acf":[],"yoast_head":"<!-- This site is optimized with the Yoast SEO plugin v27.6 - https:\/\/yoast.com\/product\/yoast-seo-wordpress\/ -->\n<title>Collection - MACS MTO\u00ae<\/title>\n<meta name=\"description\" content=\"Explore the MACS MTO&#039;s unique collection, highlighting Sufi art and culture through historical and contemporary works.\" \/>\n<meta name=\"robots\" content=\"index, follow, max-snippet:-1, max-image-preview:large, max-video-preview:-1\" \/>\n<link rel=\"canonical\" href=\"https:\/\/www.macsmto.fr\/en\/collection\/\" \/>\n<meta property=\"og:locale\" content=\"en_US\" \/>\n<meta property=\"og:type\" content=\"article\" \/>\n<meta property=\"og:title\" content=\"Collection - MACS MTO\u00ae\" \/>\n<meta property=\"og:description\" content=\"Explore the MACS MTO&#039;s unique collection, highlighting Sufi art and culture through historical and contemporary works.\" \/>\n<meta property=\"og:url\" content=\"https:\/\/www.macsmto.fr\/en\/collection\/\" \/>\n<meta property=\"og:site_name\" content=\"Mus\u00e9e d&#039;art et de culture Soufis MTO\" \/>\n<meta property=\"article:publisher\" content=\"https:\/\/www.facebook.com\/macsmto\/\" \/>\n<meta property=\"article:modified_time\" content=\"2025-04-12T14:56:18+00:00\" \/>\n<meta property=\"og:image\" content=\"https:\/\/www.macsmto.fr\/wp-content\/uploads\/2024\/07\/musee-art-culture-soufie-chatou-facade.jpg\" \/>\n\t<meta property=\"og:image:width\" content=\"2048\" \/>\n\t<meta property=\"og:image:height\" content=\"1365\" \/>\n\t<meta property=\"og:image:type\" content=\"image\/jpeg\" \/>\n<meta name=\"twitter:card\" content=\"summary_large_image\" \/>\n<meta name=\"twitter:label1\" content=\"Est. reading time\" \/>\n\t<meta name=\"twitter:data1\" content=\"1 minute\" \/>\n<script type=\"application\/ld+json\" class=\"yoast-schema-graph\">{\"@context\":\"https:\\\/\\\/schema.org\",\"@graph\":[{\"@type\":\"WebPage\",\"@id\":\"https:\\\/\\\/www.macsmto.fr\\\/en\\\/collection\\\/\",\"url\":\"https:\\\/\\\/www.macsmto.fr\\\/en\\\/collection\\\/\",\"name\":\"Collection - MACS MTO\u00ae\",\"isPartOf\":{\"@id\":\"https:\\\/\\\/www.macsmto.fr\\\/en\\\/#website\"},\"datePublished\":\"2024-03-27T20:35:26+00:00\",\"dateModified\":\"2025-04-12T14:56:18+00:00\",\"description\":\"Explore the MACS MTO's unique collection, highlighting Sufi art and culture through historical and contemporary works.\",\"breadcrumb\":{\"@id\":\"https:\\\/\\\/www.macsmto.fr\\\/en\\\/collection\\\/#breadcrumb\"},\"inLanguage\":\"en-US\",\"potentialAction\":[{\"@type\":\"ReadAction\",\"target\":[\"https:\\\/\\\/www.macsmto.fr\\\/en\\\/collection\\\/\"]}]},{\"@type\":\"BreadcrumbList\",\"@id\":\"https:\\\/\\\/www.macsmto.fr\\\/en\\\/collection\\\/#breadcrumb\",\"itemListElement\":[{\"@type\":\"ListItem\",\"position\":1,\"name\":\"Home\",\"item\":\"https:\\\/\\\/www.macsmto.fr\\\/en\\\/\"},{\"@type\":\"ListItem\",\"position\":2,\"name\":\"Collection\"}]},{\"@type\":\"WebSite\",\"@id\":\"https:\\\/\\\/www.macsmto.fr\\\/en\\\/#website\",\"url\":\"https:\\\/\\\/www.macsmto.fr\\\/en\\\/\",\"name\":\"Mus\u00e9e d\u2019Art et de Culture Soufis MTO\u00ae\",\"description\":\"MACS MTO\",\"publisher\":{\"@id\":\"https:\\\/\\\/www.macsmto.fr\\\/en\\\/#organization\"},\"alternateName\":\"MACS MTO\u00ae\",\"potentialAction\":[{\"@type\":\"SearchAction\",\"target\":{\"@type\":\"EntryPoint\",\"urlTemplate\":\"https:\\\/\\\/www.macsmto.fr\\\/en\\\/?s={search_term_string}\"},\"query-input\":{\"@type\":\"PropertyValueSpecification\",\"valueRequired\":true,\"valueName\":\"search_term_string\"}}],\"inLanguage\":\"en-US\"},{\"@type\":\"Organization\",\"@id\":\"https:\\\/\\\/www.macsmto.fr\\\/en\\\/#organization\",\"name\":\"Mus\u00e9e d\u2019Art et de Culture Soufis MTO\u00ae\",\"alternateName\":\"MACS MTO\u00ae\",\"url\":\"https:\\\/\\\/www.macsmto.fr\\\/en\\\/\",\"logo\":{\"@type\":\"ImageObject\",\"inLanguage\":\"en-US\",\"@id\":\"https:\\\/\\\/www.macsmto.fr\\\/en\\\/#\\\/schema\\\/logo\\\/image\\\/\",\"url\":\"https:\\\/\\\/www.macsmto.fr\\\/wp-content\\\/uploads\\\/2024\\\/05\\\/macs-mto_logo-scaled.jpg\",\"contentUrl\":\"https:\\\/\\\/www.macsmto.fr\\\/wp-content\\\/uploads\\\/2024\\\/05\\\/macs-mto_logo-scaled.jpg\",\"width\":2560,\"height\":1798,\"caption\":\"Mus\u00e9e d\u2019Art et de Culture Soufis MTO\u00ae\"},\"image\":{\"@id\":\"https:\\\/\\\/www.macsmto.fr\\\/en\\\/#\\\/schema\\\/logo\\\/image\\\/\"},\"sameAs\":[\"https:\\\/\\\/www.facebook.com\\\/macsmto\\\/\",\"https:\\\/\\\/www.instagram.com\\\/macsmto\\\/\",\"https:\\\/\\\/www.linkedin.com\\\/company\\\/macsmto\\\/\"]}]}<\/script>\n<!-- \/ Yoast SEO plugin. -->","yoast_head_json":{"title":"Collection - MACS MTO\u00ae","description":"Explore the MACS MTO's unique collection, highlighting Sufi art and culture through historical and contemporary works.","robots":{"index":"index","follow":"follow","max-snippet":"max-snippet:-1","max-image-preview":"max-image-preview:large","max-video-preview":"max-video-preview:-1"},"canonical":"https:\/\/www.macsmto.fr\/en\/collection\/","og_locale":"en_US","og_type":"article","og_title":"Collection - MACS MTO\u00ae","og_description":"Explore the MACS MTO's unique collection, highlighting Sufi art and culture through historical and contemporary works.","og_url":"https:\/\/www.macsmto.fr\/en\/collection\/","og_site_name":"Mus\u00e9e d&#039;art et de culture Soufis MTO","article_publisher":"https:\/\/www.facebook.com\/macsmto\/","article_modified_time":"2025-04-12T14:56:18+00:00","og_image":[{"width":2048,"height":1365,"url":"https:\/\/www.macsmto.fr\/wp-content\/uploads\/2024\/07\/musee-art-culture-soufie-chatou-facade.jpg","type":"image\/jpeg"}],"twitter_card":"summary_large_image","twitter_misc":{"Est. reading time":"1 minute"},"schema":{"@context":"https:\/\/schema.org","@graph":[{"@type":"WebPage","@id":"https:\/\/www.macsmto.fr\/en\/collection\/","url":"https:\/\/www.macsmto.fr\/en\/collection\/","name":"Collection - MACS MTO\u00ae","isPartOf":{"@id":"https:\/\/www.macsmto.fr\/en\/#website"},"datePublished":"2024-03-27T20:35:26+00:00","dateModified":"2025-04-12T14:56:18+00:00","description":"Explore the MACS MTO's unique collection, highlighting Sufi art and culture through historical and contemporary works.","breadcrumb":{"@id":"https:\/\/www.macsmto.fr\/en\/collection\/#breadcrumb"},"inLanguage":"en-US","potentialAction":[{"@type":"ReadAction","target":["https:\/\/www.macsmto.fr\/en\/collection\/"]}]},{"@type":"BreadcrumbList","@id":"https:\/\/www.macsmto.fr\/en\/collection\/#breadcrumb","itemListElement":[{"@type":"ListItem","position":1,"name":"Home","item":"https:\/\/www.macsmto.fr\/en\/"},{"@type":"ListItem","position":2,"name":"Collection"}]},{"@type":"WebSite","@id":"https:\/\/www.macsmto.fr\/en\/#website","url":"https:\/\/www.macsmto.fr\/en\/","name":"Mus\u00e9e d\u2019Art et de Culture Soufis MTO\u00ae","description":"MACS MTO","publisher":{"@id":"https:\/\/www.macsmto.fr\/en\/#organization"},"alternateName":"MACS MTO\u00ae","potentialAction":[{"@type":"SearchAction","target":{"@type":"EntryPoint","urlTemplate":"https:\/\/www.macsmto.fr\/en\/?s={search_term_string}"},"query-input":{"@type":"PropertyValueSpecification","valueRequired":true,"valueName":"search_term_string"}}],"inLanguage":"en-US"},{"@type":"Organization","@id":"https:\/\/www.macsmto.fr\/en\/#organization","name":"Mus\u00e9e d\u2019Art et de Culture Soufis MTO\u00ae","alternateName":"MACS MTO\u00ae","url":"https:\/\/www.macsmto.fr\/en\/","logo":{"@type":"ImageObject","inLanguage":"en-US","@id":"https:\/\/www.macsmto.fr\/en\/#\/schema\/logo\/image\/","url":"https:\/\/www.macsmto.fr\/wp-content\/uploads\/2024\/05\/macs-mto_logo-scaled.jpg","contentUrl":"https:\/\/www.macsmto.fr\/wp-content\/uploads\/2024\/05\/macs-mto_logo-scaled.jpg","width":2560,"height":1798,"caption":"Mus\u00e9e d\u2019Art et de Culture Soufis MTO\u00ae"},"image":{"@id":"https:\/\/www.macsmto.fr\/en\/#\/schema\/logo\/image\/"},"sameAs":["https:\/\/www.facebook.com\/macsmto\/","https:\/\/www.instagram.com\/macsmto\/","https:\/\/www.linkedin.com\/company\/macsmto\/"]}]}},"_links":{"self":[{"href":"https:\/\/www.macsmto.fr\/en\/wp-json\/wp\/v2\/pages\/2464","targetHints":{"allow":["GET"]}}],"collection":[{"href":"https:\/\/www.macsmto.fr\/en\/wp-json\/wp\/v2\/pages"}],"about":[{"href":"https:\/\/www.macsmto.fr\/en\/wp-json\/wp\/v2\/types\/page"}],"author":[{"embeddable":true,"href":"https:\/\/www.macsmto.fr\/en\/wp-json\/wp\/v2\/users\/3"}],"replies":[{"embeddable":true,"href":"https:\/\/www.macsmto.fr\/en\/wp-json\/wp\/v2\/comments?post=2464"}],"version-history":[{"count":11,"href":"https:\/\/www.macsmto.fr\/en\/wp-json\/wp\/v2\/pages\/2464\/revisions"}],"predecessor-version":[{"id":8512,"href":"https:\/\/www.macsmto.fr\/en\/wp-json\/wp\/v2\/pages\/2464\/revisions\/8512"}],"wp:attachment":[{"href":"https:\/\/www.macsmto.fr\/en\/wp-json\/wp\/v2\/media?parent=2464"}],"curies":[{"name":"wp","href":"https:\/\/api.w.org\/{rel}","templated":true}]}}